{"id":2372,"date":"2024-12-21T06:26:20","date_gmt":"2024-12-21T06:26:20","guid":{"rendered":"https:\/\/cantosdealmaya.org\/?page_id=2372"},"modified":"2024-12-27T19:23:12","modified_gmt":"2024-12-27T19:23:12","slug":"musica","status":"publish","type":"page","link":"https:\/\/cantosdealmaya.org\/en\/musica\/","title":{"rendered":"Music"},"content":{"rendered":"<div class=\"wp-block-uagb-container uagb-block-a5c34311 alignfull uagb-is-root-container\"><div class=\"uagb-container-inner-blocks-wrap\">\n<div class=\"wp-block-uagb-advanced-heading uagb-block-56d78999\"><h1 class=\"uagb-heading-text\">Music <\/h1><\/div>\n<\/div><\/div>\n\n\n\n<div style=\"height:88px\" aria-hidden=\"true\" class=\"wp-block-spacer\"><\/div>\n\n\n\n<div class=\"wp-block-uagb-container uagb-block-660eb5a7 alignfull uagb-is-root-container\"><div class=\"uagb-container-inner-blocks-wrap\">\n<div class=\"wp-block-uagb-advanced-heading uagb-block-aae7d7cd\"><h2 class=\"uagb-heading-text\">La m\u00fasica sirve como un medio vital a trav\u00e9s del cual las comunidades pueden expresar su historia, emociones y valores culturales.<br><br>Es m\u00e1s que solo sonido; es una tradici\u00f3n viva que conecta a las generaciones pasadas, presentes y futuras. A trav\u00e9s de la m\u00fasica, las comunidades tienen el poder de afirmar su identidad, fomentar la unidad e inspirar el cambio social.<br><br>Al entrelazarse con otras formas art\u00edsticas, la m\u00fasica juega un papel crucial en la preservaci\u00f3n del patrimonio cultural y en la promoci\u00f3n del desarrollo sostenible. No solo proporciona una plataforma para la expresi\u00f3n creativa, sino que tambi\u00e9n fomenta el di\u00e1logo y la solidaridad, enriqueciendo el panorama social y cultural.<\/h2><\/div>\n<\/div><\/div>\n\n\n\n<div style=\"height:78px\" aria-hidden=\"true\" class=\"wp-block-spacer\"><\/div>\n\n\n\n<div class=\"wp-block-uagb-container uagb-block-03d7edaf alignfull uagb-is-root-container\"><div class=\"uagb-container-inner-blocks-wrap\">\n<div class=\"wp-block-uagb-container uagb-block-e01f8db4 alignfull uagb-is-root-container\"><div class=\"uagb-container-inner-blocks-wrap\">\n<div class=\"wp-block-uagb-container uagb-block-156307dc\">\n<figure class=\"wp-block-embed is-type-rich is-provider-spotify wp-block-embed-spotify wp-embed-aspect-21-9 wp-has-aspect-ratio\"><div class=\"wp-block-embed__wrapper\">\n<div class=\"ast-oembed-container\" style=\"height: 100%;\"><iframe title=\"Spotify Embed: Quilotzin\" style=\"border-radius: 12px\" width=\"100%\" height=\"152\" frameborder=\"0\" allowfullscreen allow=\"autoplay; clipboard-write; encrypted-media; fullscreen; picture-in-picture\" loading=\"lazy\" src=\"https:\/\/open.spotify.com\/embed\/track\/1CNxhcDK1hjfHjMawRdWD8?si=AX1Se0J8RYacQ1u5t_bXkw&#038;utm_source=oembed\"><\/iframe><\/div>\n<\/div><\/figure>\n<\/div>\n\n\n\n<div class=\"wp-block-uagb-container uagb-block-c20bbff6\">\n<div class=\"wp-block-uagb-info-box uagb-block-eae1f873 uagb-infobox__content-wrap  uagb-infobox-icon-above-title uagb-infobox-image-valign-top\"><div class=\"uagb-ifb-content\"><div class=\"uagb-ifb-title-wrap\"><h3 class=\"uagb-ifb-title\">Quilotzin<\/h3><\/div><p class=\"uagb-ifb-desc\">Nuestra comunidad se encuentra arraigada en las faldas de un majestuoso cerro conocido como Quilotzin, cuyo nombre evoca la figura legendaria de una princesa Mexica. Este enclave est\u00e1 impregnado de una rica tradici\u00f3n oral y de innumerables leyendas que han tejido el tapiz de nuestra memoria colectiva a lo largo de los a\u00f1os<\/p><\/div><\/div>\n<\/div>\n<\/div><\/div>\n\n\n\n<div class=\"wp-block-uagb-container uagb-block-7be45a2d alignfull uagb-is-root-container\"><div class=\"uagb-container-inner-blocks-wrap\">\n<div class=\"wp-block-uagb-container uagb-block-7016e659\">\n<figure class=\"wp-block-embed is-type-rich is-provider-spotify wp-block-embed-spotify wp-embed-aspect-21-9 wp-has-aspect-ratio\"><div class=\"wp-block-embed__wrapper\">\n<div class=\"ast-oembed-container\" style=\"height: 100%;\"><iframe title=\"Spotify Embed: El Hermano De Ferm\u00edn\" style=\"border-radius: 12px\" width=\"100%\" height=\"152\" frameborder=\"0\" allowfullscreen allow=\"autoplay; clipboard-write; encrypted-media; fullscreen; picture-in-picture\" loading=\"lazy\" src=\"https:\/\/open.spotify.com\/embed\/track\/7uQ8707SCSXgGrIC44BG2O?si=c8e89af1779f4072&#038;utm_source=oembed\"><\/iframe><\/div>\n<\/div><\/figure>\n<\/div>\n\n\n\n<div class=\"wp-block-uagb-container uagb-block-1bcc626d\">\n<div class=\"wp-block-uagb-info-box uagb-block-51460c26 uagb-infobox__content-wrap  uagb-infobox-icon-above-title uagb-infobox-image-valign-top\"><div class=\"uagb-ifb-content\"><div class=\"uagb-ifb-title-wrap\"><h3 class=\"uagb-ifb-title\">El hermano de Ferm\u00edn<\/h3><\/div><p class=\"uagb-ifb-desc\">Es una canci\u00f3n que aborda el duelo colectivo tras la tr\u00e1gica muerte por ahogamiento de Ferm\u00edn, un miembro destacado de la comunidad.<br>A trav\u00e9s de leyendas y relatos, se exploran las costumbres, rituales y procesos emocionales que acompa\u00f1an esta p\u00e9rdida. La canci\u00f3n presenta la perspectiva \u00edntima de un familiar cercano, el hermano de Ferm\u00edn, y reflexiona sobre los lazos comunitarios y los recursos emocionales que nos ayudan a superar el dolor y la transformaci\u00f3n<\/p><\/div><\/div>\n<\/div>\n<\/div><\/div>\n\n\n\n<div class=\"wp-block-uagb-container uagb-block-b7a06f3d alignfull uagb-is-root-container\"><div class=\"uagb-container-inner-blocks-wrap\">\n<div class=\"wp-block-uagb-container uagb-block-8e747b2b\">\n<figure class=\"wp-block-embed is-type-rich is-provider-spotify wp-block-embed-spotify wp-embed-aspect-21-9 wp-has-aspect-ratio\"><div class=\"wp-block-embed__wrapper\">\n<div class=\"ast-oembed-container\" style=\"height: 100%;\"><iframe title=\"Spotify Embed: Canci\u00f3n De Amor 2.7\" style=\"border-radius: 12px\" width=\"100%\" height=\"152\" frameborder=\"0\" allowfullscreen allow=\"autoplay; clipboard-write; encrypted-media; fullscreen; picture-in-picture\" loading=\"lazy\" src=\"https:\/\/open.spotify.com\/embed\/track\/4eDwScFTbUvo9Z0LXGOUuZ?si=EJaIFpnNQoCbF4JZKowvfg&#038;utm_source=oembed\"><\/iframe><\/div>\n<\/div><\/figure>\n<\/div>\n\n\n\n<div class=\"wp-block-uagb-container uagb-block-dacdf21e\">\n<div class=\"wp-block-uagb-info-box uagb-block-60a0a258 uagb-infobox__content-wrap  uagb-infobox-icon-above-title uagb-infobox-image-valign-top\"><div class=\"uagb-ifb-content\"><div class=\"uagb-ifb-title-wrap\"><h3 class=\"uagb-ifb-title\">Canci\u00f3n de amor 2.7<\/h3><\/div><p class=\"uagb-ifb-desc\">El amor se vive en su diversidad m\u00e1s pura, todo dentro de un contexto que celebra la pluralidad de identidades sexuales. Este sentimiento, tan mutable como nuestra propia evoluci\u00f3n como pueblo, se manifiesta de m\u00faltiples formas, reflejando un cambio constante en nuestra identidad colectiva.<br>Con motivo del D\u00eda de San Valent\u00edn, hemos creado este cap\u00edtulo especial para fomentar la comprensi\u00f3n, la tolerancia y la paz, explorando las diversas interpretaciones del amor en la actualidad.<\/p><\/div><\/div>\n<\/div>\n<\/div><\/div>\n\n\n\n<div class=\"wp-block-uagb-container uagb-block-93c1885e alignfull uagb-is-root-container\"><div class=\"uagb-container-inner-blocks-wrap\">\n<div class=\"wp-block-uagb-container uagb-block-a97bd263\">\n<figure class=\"wp-block-embed is-type-rich is-provider-spotify wp-block-embed-spotify wp-embed-aspect-21-9 wp-has-aspect-ratio\"><div class=\"wp-block-embed__wrapper\">\n<div class=\"ast-oembed-container\" style=\"height: 100%;\"><iframe title=\"Spotify Embed: Rosa y Su Beb\u00e9\" style=\"border-radius: 12px\" width=\"100%\" height=\"152\" frameborder=\"0\" allowfullscreen allow=\"autoplay; clipboard-write; encrypted-media; fullscreen; picture-in-picture\" loading=\"lazy\" src=\"https:\/\/open.spotify.com\/embed\/track\/012eLqLWFXq0uQ7AytN3c9?si=YkjJNeacRfe5Og8LVpuZZA&#038;utm_source=oembed\"><\/iframe><\/div>\n<\/div><\/figure>\n<\/div>\n\n\n\n<div class=\"wp-block-uagb-container uagb-block-1978884f\">\n<div class=\"wp-block-uagb-info-box uagb-block-03095e3d uagb-infobox__content-wrap  uagb-infobox-icon-above-title uagb-infobox-image-valign-top\"><div class=\"uagb-ifb-content\"><div class=\"uagb-ifb-title-wrap\"><h3 class=\"uagb-ifb-title\">Rosa y su beb\u00e9<\/h3><\/div><p class=\"uagb-ifb-desc\">La brujer\u00eda ha sido una parte integral de la identidad de Almaya, tanto dentro como fuera de la comunidad. A menudo etiquetado como un pueblo marcado por lo sobrenatural, desde peque\u00f1os, nuestros abuelos nos cuentan relatos de terror que, m\u00e1s all\u00e1 de su funci\u00f3n como entretenimiento, nos transmiten valiosas lecciones de sabidur\u00eda, advirtiendonos sobre los peligros y ense\u00f1\u00e1ndonos a enfrentar las sombras con cautela.<br><\/p><\/div><\/div>\n<\/div>\n<\/div><\/div>\n\n\n\n<div class=\"wp-block-uagb-container uagb-block-e0055d39 alignfull uagb-is-root-container\"><div class=\"uagb-container-inner-blocks-wrap\">\n<div class=\"wp-block-uagb-container uagb-block-0df7fb42\">\n<figure class=\"wp-block-embed is-type-rich is-provider-spotify wp-block-embed-spotify wp-embed-aspect-21-9 wp-has-aspect-ratio\"><div class=\"wp-block-embed__wrapper\">\n<div class=\"ast-oembed-container\" style=\"height: 100%;\"><iframe title=\"Spotify Embed: D\u00eda de Feria\" style=\"border-radius: 12px\" width=\"100%\" height=\"152\" frameborder=\"0\" allowfullscreen allow=\"autoplay; clipboard-write; encrypted-media; fullscreen; picture-in-picture\" loading=\"lazy\" src=\"https:\/\/open.spotify.com\/embed\/track\/2bDZ0ayFMgfnDKxZpbxi3m?si=c7df0ff43c2d4e62&#038;utm_source=oembed\"><\/iframe><\/div>\n<\/div><\/figure>\n<\/div>\n\n\n\n<div class=\"wp-block-uagb-container uagb-block-c2c12618\">\n<div class=\"wp-block-uagb-info-box uagb-block-282d8a33 uagb-infobox__content-wrap  uagb-infobox-icon-above-title uagb-infobox-image-valign-top\"><div class=\"uagb-ifb-content\"><div class=\"uagb-ifb-title-wrap\"><h3 class=\"uagb-ifb-title\">D\u00eda de feria<\/h3><\/div><p class=\"uagb-ifb-desc\">El Santo Patr\u00f3n de Almaya, San Miguel, ocupa un lugar destacado en la vida y la cultura de nuestra comunidad. Reconocido como protector, defensor y motivo de celebraci\u00f3n y adoraci\u00f3n, San Miguel desempe\u00f1a un papel fundamental en la cohesi\u00f3n y la identidad de nuestro pueblo. Se ha convertido en una figura central que une a la comunidad en torno a su fe y devoci\u00f3n.<br><\/p><\/div><\/div>\n<\/div>\n<\/div><\/div>\n\n\n\n<div class=\"wp-block-uagb-container uagb-block-5976fbae alignfull uagb-is-root-container\"><div class=\"uagb-container-inner-blocks-wrap\">\n<div class=\"wp-block-uagb-container uagb-block-04ce3fd2\">\n<figure class=\"wp-block-embed is-type-rich is-provider-spotify wp-block-embed-spotify wp-embed-aspect-21-9 wp-has-aspect-ratio\"><div class=\"wp-block-embed__wrapper\">\n<div class=\"ast-oembed-container\" style=\"height: 100%;\"><iframe title=\"Spotify Embed: Siembra\" style=\"border-radius: 12px\" width=\"100%\" height=\"152\" frameborder=\"0\" allowfullscreen allow=\"autoplay; clipboard-write; encrypted-media; fullscreen; picture-in-picture\" loading=\"lazy\" src=\"https:\/\/open.spotify.com\/embed\/track\/0eBVtLAhVWEopQbVc36XQo?si=49f4c0d94a1d4c03&#038;utm_source=oembed\"><\/iframe><\/div>\n<\/div><\/figure>\n<\/div>\n\n\n\n<div class=\"wp-block-uagb-container uagb-block-13a50e3e\">\n<div class=\"wp-block-uagb-info-box uagb-block-d24ef737 uagb-infobox__content-wrap  uagb-infobox-icon-above-title uagb-infobox-image-valign-top\"><div class=\"uagb-ifb-content\"><div class=\"uagb-ifb-title-wrap\"><h3 class=\"uagb-ifb-title\">Siembra<\/h3><\/div><p class=\"uagb-ifb-desc\">Desde tiempos inmemoriales, el ciclo agr\u00edcola ha marcado el comp\u00e1s de nuestra percepci\u00f3n del tiempo en Almaya. Nuestras festividades m\u00e1s importantes y nuestras actividades diarias han sido cuidadosamente organizadas en torno a los ritmos naturales que nos brindan los frutos de la madre tierra.<br><\/p><\/div><\/div>\n<\/div>\n<\/div><\/div>\n<\/div><\/div>\n\n\n\n<div style=\"height:100px\" aria-hidden=\"true\" class=\"wp-block-spacer\"><\/div>","protected":false},"excerpt":{"rendered":"<p>M\u00fasica La m\u00fasica sirve como un medio vital a trav\u00e9s del cual las comunidades pueden expresar su historia, emociones y valores culturales. Es m\u00e1s que solo sonido; es una tradici\u00f3n viva que conecta a las generaciones pasadas, presentes y futuras. A trav\u00e9s de la m\u00fasica, las comunidades tienen el poder de afirmar su identidad, fomentar [&hellip;]<\/p>\n","protected":false},"author":1,"featured_media":0,"parent":0,"menu_order":0,"comment_status":"closed","ping_status":"closed","template":"","meta":{"_acf_changed":false,"inline_featured_image":false,"_uag_custom_page_level_css":"","site-sidebar-layout":"no-sidebar","site-content-layout":"plain-container","ast-site-content-layout":"full-width-container","site-content-style":"unboxed","site-sidebar-style":"unboxed","ast-global-header-display":"","ast-banner-title-visibility":"","ast-main-header-display":"","ast-hfb-above-header-display":"","ast-hfb-below-header-display":"","ast-hfb-mobile-header-display":"","site-post-title":"disabled","ast-breadcrumbs-content":"","ast-featured-img":"disabled","footer-sml-layout":"","theme-transparent-header-meta":"enabled","adv-header-id-meta":"","stick-header-meta":"","header-above-stick-meta":"","header-main-stick-meta":"","header-below-stick-meta":"","astra-migrate-meta-layouts":"set","ast-page-background-enabled":"default","ast-page-background-meta":{"desktop":{"background-color":"","background-image":"","background-repeat":"repeat","background-position":"center center","background-size":"auto","background-attachment":"scroll","background-type":"","background-media":"","overlay-type":"","overlay-color":"","overlay-opacity":"","overlay-gradient":""},"tablet":{"background-color":"","background-image":"","background-repeat":"repeat","background-position":"center center","background-size":"auto","background-attachment":"scroll","background-type":"","background-media":"","overlay-type":"","overlay-color":"","overlay-opacity":"","overlay-gradient":""},"mobile":{"background-color":"","background-image":"","background-repeat":"repeat","background-position":"center center","background-size":"auto","background-attachment":"scroll","background-type":"","background-media":"","overlay-type":"","overlay-color":"","overlay-opacity":"","overlay-gradient":""}},"ast-content-background-meta":{"desktop":{"background-color":"var(--ast-global-color-5)","background-image":"","background-repeat":"repeat","background-position":"center center","background-size":"auto","background-attachment":"scroll","background-type":"","background-media":"","overlay-type":"","overlay-color":"","overlay-opacity":"","overlay-gradient":""},"tablet":{"background-color":"var(--ast-global-color-5)","background-image":"","background-repeat":"repeat","background-position":"center center","background-size":"auto","background-attachment":"scroll","background-type":"","background-media":"","overlay-type":"","overlay-color":"","overlay-opacity":"","overlay-gradient":""},"mobile":{"background-color":"var(--ast-global-color-5)","background-image":"","background-repeat":"repeat","background-position":"center center","background-size":"auto","background-attachment":"scroll","background-type":"","background-media":"","overlay-type":"","overlay-color":"","overlay-opacity":"","overlay-gradient":""}},"footnotes":""},"class_list":["post-2372","page","type-page","status-publish","hentry"],"acf":[],"yoast_head":"<!-- This site is optimized with the Yoast SEO plugin v27.0 - https:\/\/yoast.com\/product\/yoast-seo-wordpress\/ -->\n<title>Musica - Cantos de Almaya<\/title>\n<meta name=\"description\" content=\"La m\u00fasica es un medio vital para expresar historia, emociones y valores culturales. A trav\u00e9s de la m\u00fasica, las comunidades afirman su identidad, fomentan la unidad y promueven el cambio social, preservando el patrimonio y promoviendo el desarrollo sostenible.\" \/>\n<meta name=\"robots\" content=\"index, follow, max-snippet:-1, max-image-preview:large, max-video-preview:-1\" \/>\n<link rel=\"canonical\" href=\"https:\/\/cantosdealmaya.org\/en\/musica\/\" \/>\n<meta property=\"og:locale\" content=\"en_US\" \/>\n<meta property=\"og:type\" content=\"article\" \/>\n<meta property=\"og:title\" content=\"Musica - Cantos de Almaya\" \/>\n<meta property=\"og:description\" content=\"La m\u00fasica es un medio vital para expresar historia, emociones y valores culturales. A trav\u00e9s de la m\u00fasica, las comunidades afirman su identidad, fomentan la unidad y promueven el cambio social, preservando el patrimonio y promoviendo el desarrollo sostenible.\" \/>\n<meta property=\"og:url\" content=\"https:\/\/cantosdealmaya.org\/en\/musica\/\" \/>\n<meta property=\"og:site_name\" content=\"Cantos de Almaya\" \/>\n<meta property=\"article:publisher\" content=\"https:\/\/www.facebook.com\/cantosdealmaya\" \/>\n<meta property=\"article:modified_time\" content=\"2024-12-27T19:23:12+00:00\" \/>\n<meta name=\"twitter:card\" content=\"summary_large_image\" \/>\n<meta name=\"twitter:label1\" content=\"Est. reading time\" \/>\n\t<meta name=\"twitter:data1\" content=\"3 minutes\" \/>\n<script type=\"application\/ld+json\" class=\"yoast-schema-graph\">{\"@context\":\"https:\/\/schema.org\",\"@graph\":[{\"@type\":\"WebPage\",\"@id\":\"https:\/\/cantosdealmaya.org\/musica\/\",\"url\":\"https:\/\/cantosdealmaya.org\/musica\/\",\"name\":\"Musica - Cantos de Almaya\",\"isPartOf\":{\"@id\":\"https:\/\/cantosdealmaya.org\/es_mx\/#website\"},\"datePublished\":\"2024-12-21T06:26:20+00:00\",\"dateModified\":\"2024-12-27T19:23:12+00:00\",\"description\":\"La m\u00fasica es un medio vital para expresar historia, emociones y valores culturales. A trav\u00e9s de la m\u00fasica, las comunidades afirman su identidad, fomentan la unidad y promueven el cambio social, preservando el patrimonio y promoviendo el desarrollo sostenible.\",\"breadcrumb\":{\"@id\":\"https:\/\/cantosdealmaya.org\/musica\/#breadcrumb\"},\"inLanguage\":\"en-US\",\"potentialAction\":[{\"@type\":\"ReadAction\",\"target\":[\"https:\/\/cantosdealmaya.org\/musica\/\"]}]},{\"@type\":\"BreadcrumbList\",\"@id\":\"https:\/\/cantosdealmaya.org\/musica\/#breadcrumb\",\"itemListElement\":[{\"@type\":\"ListItem\",\"position\":1,\"name\":\"Inicio\",\"item\":\"https:\/\/cantosdealmaya.org\/\"},{\"@type\":\"ListItem\",\"position\":2,\"name\":\"Musica\"}]},{\"@type\":\"WebSite\",\"@id\":\"https:\/\/cantosdealmaya.org\/es_mx\/#website\",\"url\":\"https:\/\/cantosdealmaya.org\/es_mx\/\",\"name\":\"Cantos de Almaya\",\"description\":\"Somos una organizaci\u00f3n sin fines de lucro con el sue\u00f1o de transformar nuestro entorno a trav\u00e9s de la creatividad\",\"publisher\":{\"@id\":\"https:\/\/cantosdealmaya.org\/es_mx\/#organization\"},\"potentialAction\":[{\"@type\":\"SearchAction\",\"target\":{\"@type\":\"EntryPoint\",\"urlTemplate\":\"https:\/\/cantosdealmaya.org\/es_mx\/?s={search_term_string}\"},\"query-input\":{\"@type\":\"PropertyValueSpecification\",\"valueRequired\":true,\"valueName\":\"search_term_string\"}}],\"inLanguage\":\"en-US\"},{\"@type\":\"Organization\",\"@id\":\"https:\/\/cantosdealmaya.org\/es_mx\/#organization\",\"name\":\"Cantos de Almaya\",\"url\":\"https:\/\/cantosdealmaya.org\/es_mx\/\",\"logo\":{\"@type\":\"ImageObject\",\"inLanguage\":\"en-US\",\"@id\":\"https:\/\/cantosdealmaya.org\/es_mx\/#\/schema\/logo\/image\/\",\"url\":\"https:\/\/cantosdealmaya.org\/wp-content\/uploads\/2024\/12\/cropped-cantos-logo-1.png\",\"contentUrl\":\"https:\/\/cantosdealmaya.org\/wp-content\/uploads\/2024\/12\/cropped-cantos-logo-1.png\",\"width\":1928,\"height\":643,\"caption\":\"Cantos de Almaya\"},\"image\":{\"@id\":\"https:\/\/cantosdealmaya.org\/es_mx\/#\/schema\/logo\/image\/\"},\"sameAs\":[\"https:\/\/www.facebook.com\/cantosdealmaya\",\"https:\/\/www.youtube.com\/@cantosdealmaya\"]}]}<\/script>\n<!-- \/ Yoast SEO plugin. -->","yoast_head_json":{"title":"Musica - Cantos de Almaya","description":"La m\u00fasica es un medio vital para expresar historia, emociones y valores culturales. A trav\u00e9s de la m\u00fasica, las comunidades afirman su identidad, fomentan la unidad y promueven el cambio social, preservando el patrimonio y promoviendo el desarrollo sostenible.","robots":{"index":"index","follow":"follow","max-snippet":"max-snippet:-1","max-image-preview":"max-image-preview:large","max-video-preview":"max-video-preview:-1"},"canonical":"https:\/\/cantosdealmaya.org\/en\/musica\/","og_locale":"en_US","og_type":"article","og_title":"Musica - Cantos de Almaya","og_description":"La m\u00fasica es un medio vital para expresar historia, emociones y valores culturales. A trav\u00e9s de la m\u00fasica, las comunidades afirman su identidad, fomentan la unidad y promueven el cambio social, preservando el patrimonio y promoviendo el desarrollo sostenible.","og_url":"https:\/\/cantosdealmaya.org\/en\/musica\/","og_site_name":"Cantos de Almaya","article_publisher":"https:\/\/www.facebook.com\/cantosdealmaya","article_modified_time":"2024-12-27T19:23:12+00:00","twitter_card":"summary_large_image","twitter_misc":{"Est. reading time":"3 minutes"},"schema":{"@context":"https:\/\/schema.org","@graph":[{"@type":"WebPage","@id":"https:\/\/cantosdealmaya.org\/musica\/","url":"https:\/\/cantosdealmaya.org\/musica\/","name":"Musica - Cantos de Almaya","isPartOf":{"@id":"https:\/\/cantosdealmaya.org\/es_mx\/#website"},"datePublished":"2024-12-21T06:26:20+00:00","dateModified":"2024-12-27T19:23:12+00:00","description":"La m\u00fasica es un medio vital para expresar historia, emociones y valores culturales. A trav\u00e9s de la m\u00fasica, las comunidades afirman su identidad, fomentan la unidad y promueven el cambio social, preservando el patrimonio y promoviendo el desarrollo sostenible.","breadcrumb":{"@id":"https:\/\/cantosdealmaya.org\/musica\/#breadcrumb"},"inLanguage":"en-US","potentialAction":[{"@type":"ReadAction","target":["https:\/\/cantosdealmaya.org\/musica\/"]}]},{"@type":"BreadcrumbList","@id":"https:\/\/cantosdealmaya.org\/musica\/#breadcrumb","itemListElement":[{"@type":"ListItem","position":1,"name":"Inicio","item":"https:\/\/cantosdealmaya.org\/"},{"@type":"ListItem","position":2,"name":"Musica"}]},{"@type":"WebSite","@id":"https:\/\/cantosdealmaya.org\/es_mx\/#website","url":"https:\/\/cantosdealmaya.org\/es_mx\/","name":"Cantos de Almaya","description":"Somos una organizaci\u00f3n sin fines de lucro con el sue\u00f1o de transformar nuestro entorno a trav\u00e9s de la creatividad","publisher":{"@id":"https:\/\/cantosdealmaya.org\/es_mx\/#organization"},"potentialAction":[{"@type":"SearchAction","target":{"@type":"EntryPoint","urlTemplate":"https:\/\/cantosdealmaya.org\/es_mx\/?s={search_term_string}"},"query-input":{"@type":"PropertyValueSpecification","valueRequired":true,"valueName":"search_term_string"}}],"inLanguage":"en-US"},{"@type":"Organization","@id":"https:\/\/cantosdealmaya.org\/es_mx\/#organization","name":"Cantos de Almaya","url":"https:\/\/cantosdealmaya.org\/es_mx\/","logo":{"@type":"ImageObject","inLanguage":"en-US","@id":"https:\/\/cantosdealmaya.org\/es_mx\/#\/schema\/logo\/image\/","url":"https:\/\/cantosdealmaya.org\/wp-content\/uploads\/2024\/12\/cropped-cantos-logo-1.png","contentUrl":"https:\/\/cantosdealmaya.org\/wp-content\/uploads\/2024\/12\/cropped-cantos-logo-1.png","width":1928,"height":643,"caption":"Cantos de Almaya"},"image":{"@id":"https:\/\/cantosdealmaya.org\/es_mx\/#\/schema\/logo\/image\/"},"sameAs":["https:\/\/www.facebook.com\/cantosdealmaya","https:\/\/www.youtube.com\/@cantosdealmaya"]}]}},"uagb_featured_image_src":{"full":false,"thumbnail":false,"medium":false,"medium_large":false,"large":false,"1536x1536":false,"2048x2048":false,"trp-custom-language-flag":false},"uagb_author_info":{"display_name":"cantosdealmaya@gmail.com","author_link":"https:\/\/cantosdealmaya.org\/en\/author\/cantosdealmayagmail-com\/"},"uagb_comment_info":0,"uagb_excerpt":"M\u00fasica La m\u00fasica sirve como un medio vital a trav\u00e9s del cual las comunidades pueden expresar su historia, emociones y valores culturales. Es m\u00e1s que solo sonido; es una tradici\u00f3n viva que conecta a las generaciones pasadas, presentes y futuras. A trav\u00e9s de la m\u00fasica, las comunidades tienen el poder de afirmar su identidad, fomentar&hellip;","_links":{"self":[{"href":"https:\/\/cantosdealmaya.org\/en\/wp-json\/wp\/v2\/pages\/2372","targetHints":{"allow":["GET"]}}],"collection":[{"href":"https:\/\/cantosdealmaya.org\/en\/wp-json\/wp\/v2\/pages"}],"about":[{"href":"https:\/\/cantosdealmaya.org\/en\/wp-json\/wp\/v2\/types\/page"}],"author":[{"embeddable":true,"href":"https:\/\/cantosdealmaya.org\/en\/wp-json\/wp\/v2\/users\/1"}],"replies":[{"embeddable":true,"href":"https:\/\/cantosdealmaya.org\/en\/wp-json\/wp\/v2\/comments?post=2372"}],"version-history":[{"count":0,"href":"https:\/\/cantosdealmaya.org\/en\/wp-json\/wp\/v2\/pages\/2372\/revisions"}],"wp:attachment":[{"href":"https:\/\/cantosdealmaya.org\/en\/wp-json\/wp\/v2\/media?parent=2372"}],"curies":[{"name":"wp","href":"https:\/\/api.w.org\/{rel}","templated":true}]}}