{"id":2371,"date":"2024-12-21T06:26:33","date_gmt":"2024-12-21T06:26:33","guid":{"rendered":"https:\/\/cantosdealmaya.org\/?page_id=2371"},"modified":"2024-12-24T23:52:48","modified_gmt":"2024-12-24T23:52:48","slug":"talleres","status":"publish","type":"page","link":"https:\/\/cantosdealmaya.org\/en\/talleres\/","title":{"rendered":"Workshops"},"content":{"rendered":"<div class=\"wp-block-uagb-container uagb-block-a5c34311 alignfull uagb-is-root-container\"><div class=\"uagb-container-inner-blocks-wrap\">\n<div class=\"wp-block-uagb-advanced-heading uagb-block-56d78999\"><h1 class=\"uagb-heading-text\">Workshops<\/h1><\/div>\n<\/div><\/div>\n\n\n\n<div style=\"height:52px\" aria-hidden=\"true\" class=\"wp-block-spacer\"><\/div>\n\n\n\n<div class=\"wp-block-uagb-container uagb-block-cc996288 alignfull uagb-is-root-container\"><div class=\"uagb-container-inner-blocks-wrap\">\n<div class=\"wp-block-uagb-advanced-heading uagb-block-84d3a15c\"><h2 class=\"uagb-heading-text\">Workshops are spaces for learning, creativity, and exchange that improve quality of life, foster communication, and promote social participation. <br><br>In these spaces, coexistence, respect for diversity, and the development of social and emotional skills are encouraged. Additionally, artistic expression and environmental awareness are promoted.<br><\/h2><\/div>\n<\/div><\/div>\n\n\n\n<div style=\"height:13px\" aria-hidden=\"true\" class=\"wp-block-spacer\"><\/div>\n\n\n\n<div class=\"wp-block-uagb-container uagb-block-2978eb33 alignfull uagb-is-root-container\"><div class=\"uagb-container-inner-blocks-wrap\">\n<div class=\"wp-block-uagb-container uagb-layout-flex uagb-block-19beb39b\">\n<div class=\"wp-block-uagb-advanced-heading uagb-block-ce9b3f5d\"><h2 class=\"uagb-heading-text\">How to Make a Tlanchana with the Technique of Paper M\u00e2ch\u00e9<\/h2><\/div>\n\n\n\n<p class=\"has-black-color has-text-color has-link-color wp-elements-622637b54ad5a7419d577049fee2e731\" style=\"font-size:16px\">A paper m\u00e2ch\u00e9 workshop was held at the Escuela Secundaria M\u00e1rtires del R\u00edo Blanco and Telesecundaria Agust\u00edn Y\u00e1\u00f1ez, where participants learned this popular Mexican tradition of creating three-dimensional figures with recycled materials.<br><br>During the workshop, topics like the difference between the mermaid and the Tlanchana were explored, and participants created a Tlanchana sculpture, which is now exhibited at the Community Cultural Center.<br>This artwork served as a reference for designing a container located in the lagoon.<\/p>\n<\/div>\n\n\n\n<div class=\"wp-block-uagb-container uagb-block-2f9ac3e6 alignfull uagb-is-root-container\"><div class=\"uagb-container-inner-blocks-wrap\">\n<div class=\"wp-block-uagb-container uagb-block-76211924\"><\/div>\n\n\n\n<div class=\"wp-block-uagb-container uagb-block-c116416f\"><\/div>\n\n\n\n<div class=\"wp-block-uagb-container uagb-block-1d056698\"><\/div>\n<\/div><\/div>\n<\/div><\/div>\n\n\n\n<div style=\"height:47px\" aria-hidden=\"true\" class=\"wp-block-spacer\"><\/div>\n\n\n\n<div class=\"wp-block-uagb-container uagb-block-7f3c3d74 alignfull uagb-is-root-container\"><div class=\"uagb-container-inner-blocks-wrap\">\n<div class=\"wp-block-uagb-container uagb-block-41bca529\">\n<div class=\"wp-block-uagb-advanced-heading uagb-block-87a754ac\"><h2 class=\"uagb-heading-text\">Fostering Creativity and Artistic Expression in Children Through Drawing and Painting<\/h2><\/div>\n\n\n\n<p class=\"has-black-color has-text-color has-link-color wp-elements-fa954dd30eda91821792fb6198020145\" style=\"font-size:16px\">We foster creativity and artistic expression in children through drawing and painting. During the class, the children explored various drawing and painting techniques, experimenting with colors and shapes.<br><br>They were provided with tools and techniques to express their ideas and emotions visually, and they were encouraged to develop their own artistic style.<br>The children had fun while learning and developing their creativity in a supportive and collaborative environment.<\/p>\n<\/div>\n\n\n\n<div class=\"wp-block-uagb-container uagb-block-84ef2fef alignfull uagb-is-root-container\"><div class=\"uagb-container-inner-blocks-wrap\">\n<div class=\"wp-block-uagb-container uagb-block-b8eecbe5\"><\/div>\n\n\n\n<div class=\"wp-block-uagb-container uagb-block-1d1f4f4b\"><\/div>\n\n\n\n<div class=\"wp-block-uagb-container uagb-block-480adbeb\"><\/div>\n\n\n\n<div class=\"wp-block-uagb-container uagb-block-f26cfe88\"><\/div>\n<\/div><\/div>\n<\/div><\/div>\n\n\n\n<div style=\"height:37px\" aria-hidden=\"true\" class=\"wp-block-spacer\"><\/div>\n\n\n\n<div class=\"wp-block-uagb-container uagb-block-f7e5624c alignfull uagb-is-root-container\"><div class=\"uagb-container-inner-blocks-wrap\">\n<div class=\"wp-block-uagb-container uagb-block-5a61045c\">\n<div class=\"wp-block-uagb-advanced-heading uagb-block-9f6dcc57\"><h2 class=\"uagb-heading-text\">Discover the Art of Photography: Beginner\u2019s Workshop<\/h2><\/div>\n\n\n\n<p class=\"has-black-color has-text-color has-link-color wp-elements-dd73787e3c9b0a668caed2f31bf32511\" style=\"font-size:16px\">In this workshop, we guided students from the Telesecundaria through the fundamentals of photography, from understanding how their camera worked to mastering composition techniques. <br><br>They learned to make the most of their photographic equipment, whether it was a digital SLR camera or even their phone.<br><br>They learned to make the most of their photographic equipment, whether it was a digital SLR camera or even their phone.<br>From portraits to landscapes, street photography to nature, we explored a variety of styles and genres so they could find their own unique style.<\/p>\n<\/div>\n\n\n\n<div class=\"wp-block-uagb-container uagb-block-1d14edd0 alignfull uagb-is-root-container\"><div class=\"uagb-container-inner-blocks-wrap\">\n<div class=\"wp-block-uagb-container uagb-block-7ade984b\"><\/div>\n\n\n\n<div class=\"wp-block-uagb-container uagb-block-6ecc58b4\"><\/div>\n\n\n\n<div class=\"wp-block-uagb-container uagb-block-30f5c4de\"><\/div>\n\n\n\n<div class=\"wp-block-uagb-container uagb-block-96f7f070\"><\/div>\n<\/div><\/div>\n<\/div><\/div>\n\n\n\n<div style=\"height:55px\" aria-hidden=\"true\" class=\"wp-block-spacer\"><\/div>\n\n\n\n<div class=\"wp-block-uagb-container uagb-block-a783e8f2 alignfull uagb-is-root-container\"><div class=\"uagb-container-inner-blocks-wrap\">\n<div class=\"wp-block-uagb-container uagb-block-405d9223\">\n<div class=\"wp-block-uagb-advanced-heading uagb-block-47062651\"><h2 class=\"uagb-heading-text\">Circle of Interaction for Older Adults<\/h2><\/div>\n\n\n\n<p class=\"has-black-color has-text-color has-link-color wp-elements-e7ceb5fd07d7c599da8e44a1f1abfa0e\" style=\"font-size:16px\">In our Circle of Interaction for Older Adults course, we gathered to celebrate Grandparents\u2019 Day and enjoyed traditional Mexican games. We also delved into eco-art, painting fabric bags with creativity.<br><br>During the sessions, we had lively conversations about the rainy season and reminisced about their youth.<br>We organized a Mexican afternoon filled with traditions and shared a special Day of the Dead session, where we explored legends and customs.<br><br>Additionally, we offered a basic course on social media and the use of mobile phones to stay connected. We enjoyed a movie session and provided emotional support, and finally, we explored the traditions of Posadas, the Three Kings, and Christmas.<\/p>\n<\/div>\n\n\n\n<div class=\"wp-block-uagb-container uagb-block-05f1626d\"><\/div>\n<\/div><\/div>\n\n\n\n<div style=\"height:41px\" aria-hidden=\"true\" class=\"wp-block-spacer\"><\/div>\n\n\n\n<div class=\"wp-block-uagb-container uagb-block-2ffed800 alignfull uagb-is-root-container\"><div class=\"uagb-container-inner-blocks-wrap\">\n<div class=\"wp-block-uagb-container uagb-block-ab58448a\">\n<div class=\"wp-block-uagb-advanced-heading uagb-block-bef8a201\"><h2 class=\"uagb-heading-text\">Love and Friendship: Exploring Self-Love in Adolescence<\/h2><\/div>\n\n\n\n<p class=\"has-black-color has-text-color has-link-color wp-elements-7e8f62364305de1cfd9687c5f0e027d0\" style=\"font-size:16px\">This course, designed specifically for teenagers, was held at the library. During the course, we explored various topics related to emotions and interpersonal relationships.<br><br>We immersed ourselves in poetry readings specifically selected for those with broken hearts, while also exploring the importance of self-love and healthy relationships.<br><br>We addressed the different types and stages of dating, providing participants with a deeper understanding of romantic dynamics. Finally, we dedicated time to exploring the language of love, helping young people express their feelings clearly and effectively.<\/p>\n<\/div>\n\n\n\n<div class=\"wp-block-uagb-container uagb-block-d5a7239c\"><\/div>\n<\/div><\/div>\n\n\n\n<div style=\"height:72px\" aria-hidden=\"true\" class=\"wp-block-spacer\"><\/div>","protected":false},"excerpt":{"rendered":"<p>Talleres Los talleres son espacios de aprendizaje, creatividad e intercambio que mejoran la calidad de vida, fomentan la comunicaci\u00f3n y promueven la participaci\u00f3n social. En ellos, se estimula la convivencia, el respeto a la diversidad y el desarrollo de habilidades sociales y emocionales. Adem\u00e1s, se impulsa la expresi\u00f3n art\u00edstica y la conciencia ambiental. C\u00f3mo hacer [&hellip;]<\/p>\n","protected":false},"author":1,"featured_media":0,"parent":0,"menu_order":0,"comment_status":"closed","ping_status":"closed","template":"","meta":{"_acf_changed":false,"inline_featured_image":false,"_uag_custom_page_level_css":"","site-sidebar-layout":"no-sidebar","site-content-layout":"plain-container","ast-site-content-layout":"full-width-container","site-content-style":"unboxed","site-sidebar-style":"unboxed","ast-global-header-display":"","ast-banner-title-visibility":"","ast-main-header-display":"","ast-hfb-above-header-display":"","ast-hfb-below-header-display":"","ast-hfb-mobile-header-display":"","site-post-title":"disabled","ast-breadcrumbs-content":"","ast-featured-img":"disabled","footer-sml-layout":"","theme-transparent-header-meta":"enabled","adv-header-id-meta":"","stick-header-meta":"","header-above-stick-meta":"","header-main-stick-meta":"","header-below-stick-meta":"","astra-migrate-meta-layouts":"set","ast-page-background-enabled":"default","ast-page-background-meta":{"desktop":{"background-color":"","background-image":"","background-repeat":"repeat","background-position":"center center","background-size":"auto","background-attachment":"scroll","background-type":"","background-media":"","overlay-type":"","overlay-color":"","overlay-opacity":"","overlay-gradient":""},"tablet":{"background-color":"","background-image":"","background-repeat":"repeat","background-position":"center center","background-size":"auto","background-attachment":"scroll","background-type":"","background-media":"","overlay-type":"","overlay-color":"","overlay-opacity":"","overlay-gradient":""},"mobile":{"background-color":"","background-image":"","background-repeat":"repeat","background-position":"center center","background-size":"auto","background-attachment":"scroll","background-type":"","background-media":"","overlay-type":"","overlay-color":"","overlay-opacity":"","overlay-gradient":""}},"ast-content-background-meta":{"desktop":{"background-color":"var(--ast-global-color-5)","background-image":"","background-repeat":"repeat","background-position":"center center","background-size":"auto","background-attachment":"scroll","background-type":"","background-media":"","overlay-type":"","overlay-color":"","overlay-opacity":"","overlay-gradient":""},"tablet":{"background-color":"var(--ast-global-color-5)","background-image":"","background-repeat":"repeat","background-position":"center center","background-size":"auto","background-attachment":"scroll","background-type":"","background-media":"","overlay-type":"","overlay-color":"","overlay-opacity":"","overlay-gradient":""},"mobile":{"background-color":"var(--ast-global-color-5)","background-image":"","background-repeat":"repeat","background-position":"center center","background-size":"auto","background-attachment":"scroll","background-type":"","background-media":"","overlay-type":"","overlay-color":"","overlay-opacity":"","overlay-gradient":""}},"footnotes":""},"class_list":["post-2371","page","type-page","status-publish","hentry"],"acf":[],"yoast_head":"<!-- This site is optimized with the Yoast SEO plugin v27.0 - https:\/\/yoast.com\/product\/yoast-seo-wordpress\/ -->\n<title>Talleres - Cantos de Almaya<\/title>\n<meta name=\"description\" content=\"Los talleres art\u00edsticos y educativos fomentan la creatividad, el respeto y la conciencia social en un ambiente inclusivo\" \/>\n<meta name=\"robots\" content=\"index, follow, max-snippet:-1, max-image-preview:large, max-video-preview:-1\" \/>\n<link rel=\"canonical\" href=\"https:\/\/cantosdealmaya.org\/en\/talleres\/\" \/>\n<meta property=\"og:locale\" content=\"en_US\" \/>\n<meta property=\"og:type\" content=\"article\" \/>\n<meta property=\"og:title\" content=\"Talleres - Cantos de Almaya\" \/>\n<meta property=\"og:description\" content=\"Los talleres art\u00edsticos y educativos fomentan la creatividad, el respeto y la conciencia social en un ambiente inclusivo\" \/>\n<meta property=\"og:url\" content=\"https:\/\/cantosdealmaya.org\/en\/talleres\/\" \/>\n<meta property=\"og:site_name\" content=\"Cantos de Almaya\" \/>\n<meta property=\"article:publisher\" content=\"https:\/\/www.facebook.com\/cantosdealmaya\" \/>\n<meta property=\"article:modified_time\" content=\"2024-12-24T23:52:48+00:00\" \/>\n<meta name=\"twitter:card\" content=\"summary_large_image\" \/>\n<meta name=\"twitter:label1\" content=\"Est. reading time\" \/>\n\t<meta name=\"twitter:data1\" content=\"3 minutes\" \/>\n<script type=\"application\/ld+json\" class=\"yoast-schema-graph\">{\"@context\":\"https:\/\/schema.org\",\"@graph\":[{\"@type\":\"WebPage\",\"@id\":\"https:\/\/cantosdealmaya.org\/talleres\/\",\"url\":\"https:\/\/cantosdealmaya.org\/talleres\/\",\"name\":\"Talleres - Cantos de Almaya\",\"isPartOf\":{\"@id\":\"https:\/\/cantosdealmaya.org\/es_mx\/#website\"},\"datePublished\":\"2024-12-21T06:26:33+00:00\",\"dateModified\":\"2024-12-24T23:52:48+00:00\",\"description\":\"Los talleres art\u00edsticos y educativos fomentan la creatividad, el respeto y la conciencia social en un ambiente inclusivo\",\"breadcrumb\":{\"@id\":\"https:\/\/cantosdealmaya.org\/talleres\/#breadcrumb\"},\"inLanguage\":\"en-US\",\"potentialAction\":[{\"@type\":\"ReadAction\",\"target\":[\"https:\/\/cantosdealmaya.org\/talleres\/\"]}]},{\"@type\":\"BreadcrumbList\",\"@id\":\"https:\/\/cantosdealmaya.org\/talleres\/#breadcrumb\",\"itemListElement\":[{\"@type\":\"ListItem\",\"position\":1,\"name\":\"Inicio\",\"item\":\"https:\/\/cantosdealmaya.org\/\"},{\"@type\":\"ListItem\",\"position\":2,\"name\":\"Talleres\"}]},{\"@type\":\"WebSite\",\"@id\":\"https:\/\/cantosdealmaya.org\/es_mx\/#website\",\"url\":\"https:\/\/cantosdealmaya.org\/es_mx\/\",\"name\":\"Cantos de Almaya\",\"description\":\"Somos una organizaci\u00f3n sin fines de lucro con el sue\u00f1o de transformar nuestro entorno a trav\u00e9s de la creatividad\",\"publisher\":{\"@id\":\"https:\/\/cantosdealmaya.org\/es_mx\/#organization\"},\"potentialAction\":[{\"@type\":\"SearchAction\",\"target\":{\"@type\":\"EntryPoint\",\"urlTemplate\":\"https:\/\/cantosdealmaya.org\/es_mx\/?s={search_term_string}\"},\"query-input\":{\"@type\":\"PropertyValueSpecification\",\"valueRequired\":true,\"valueName\":\"search_term_string\"}}],\"inLanguage\":\"en-US\"},{\"@type\":\"Organization\",\"@id\":\"https:\/\/cantosdealmaya.org\/es_mx\/#organization\",\"name\":\"Cantos de Almaya\",\"url\":\"https:\/\/cantosdealmaya.org\/es_mx\/\",\"logo\":{\"@type\":\"ImageObject\",\"inLanguage\":\"en-US\",\"@id\":\"https:\/\/cantosdealmaya.org\/es_mx\/#\/schema\/logo\/image\/\",\"url\":\"https:\/\/cantosdealmaya.org\/wp-content\/uploads\/2024\/12\/cropped-cantos-logo-1.png\",\"contentUrl\":\"https:\/\/cantosdealmaya.org\/wp-content\/uploads\/2024\/12\/cropped-cantos-logo-1.png\",\"width\":1928,\"height\":643,\"caption\":\"Cantos de Almaya\"},\"image\":{\"@id\":\"https:\/\/cantosdealmaya.org\/es_mx\/#\/schema\/logo\/image\/\"},\"sameAs\":[\"https:\/\/www.facebook.com\/cantosdealmaya\",\"https:\/\/www.youtube.com\/@cantosdealmaya\"]}]}<\/script>\n<!-- \/ Yoast SEO plugin. -->","yoast_head_json":{"title":"Talleres - Cantos de Almaya","description":"Los talleres art\u00edsticos y educativos fomentan la creatividad, el respeto y la conciencia social en un ambiente inclusivo","robots":{"index":"index","follow":"follow","max-snippet":"max-snippet:-1","max-image-preview":"max-image-preview:large","max-video-preview":"max-video-preview:-1"},"canonical":"https:\/\/cantosdealmaya.org\/en\/talleres\/","og_locale":"en_US","og_type":"article","og_title":"Talleres - Cantos de Almaya","og_description":"Los talleres art\u00edsticos y educativos fomentan la creatividad, el respeto y la conciencia social en un ambiente inclusivo","og_url":"https:\/\/cantosdealmaya.org\/en\/talleres\/","og_site_name":"Cantos de Almaya","article_publisher":"https:\/\/www.facebook.com\/cantosdealmaya","article_modified_time":"2024-12-24T23:52:48+00:00","twitter_card":"summary_large_image","twitter_misc":{"Est. reading time":"3 minutes"},"schema":{"@context":"https:\/\/schema.org","@graph":[{"@type":"WebPage","@id":"https:\/\/cantosdealmaya.org\/talleres\/","url":"https:\/\/cantosdealmaya.org\/talleres\/","name":"Talleres - Cantos de Almaya","isPartOf":{"@id":"https:\/\/cantosdealmaya.org\/es_mx\/#website"},"datePublished":"2024-12-21T06:26:33+00:00","dateModified":"2024-12-24T23:52:48+00:00","description":"Los talleres art\u00edsticos y educativos fomentan la creatividad, el respeto y la conciencia social en un ambiente inclusivo","breadcrumb":{"@id":"https:\/\/cantosdealmaya.org\/talleres\/#breadcrumb"},"inLanguage":"en-US","potentialAction":[{"@type":"ReadAction","target":["https:\/\/cantosdealmaya.org\/talleres\/"]}]},{"@type":"BreadcrumbList","@id":"https:\/\/cantosdealmaya.org\/talleres\/#breadcrumb","itemListElement":[{"@type":"ListItem","position":1,"name":"Inicio","item":"https:\/\/cantosdealmaya.org\/"},{"@type":"ListItem","position":2,"name":"Talleres"}]},{"@type":"WebSite","@id":"https:\/\/cantosdealmaya.org\/es_mx\/#website","url":"https:\/\/cantosdealmaya.org\/es_mx\/","name":"Cantos de Almaya","description":"Somos una organizaci\u00f3n sin fines de lucro con el sue\u00f1o de transformar nuestro entorno a trav\u00e9s de la creatividad","publisher":{"@id":"https:\/\/cantosdealmaya.org\/es_mx\/#organization"},"potentialAction":[{"@type":"SearchAction","target":{"@type":"EntryPoint","urlTemplate":"https:\/\/cantosdealmaya.org\/es_mx\/?s={search_term_string}"},"query-input":{"@type":"PropertyValueSpecification","valueRequired":true,"valueName":"search_term_string"}}],"inLanguage":"en-US"},{"@type":"Organization","@id":"https:\/\/cantosdealmaya.org\/es_mx\/#organization","name":"Cantos de Almaya","url":"https:\/\/cantosdealmaya.org\/es_mx\/","logo":{"@type":"ImageObject","inLanguage":"en-US","@id":"https:\/\/cantosdealmaya.org\/es_mx\/#\/schema\/logo\/image\/","url":"https:\/\/cantosdealmaya.org\/wp-content\/uploads\/2024\/12\/cropped-cantos-logo-1.png","contentUrl":"https:\/\/cantosdealmaya.org\/wp-content\/uploads\/2024\/12\/cropped-cantos-logo-1.png","width":1928,"height":643,"caption":"Cantos de Almaya"},"image":{"@id":"https:\/\/cantosdealmaya.org\/es_mx\/#\/schema\/logo\/image\/"},"sameAs":["https:\/\/www.facebook.com\/cantosdealmaya","https:\/\/www.youtube.com\/@cantosdealmaya"]}]}},"uagb_featured_image_src":{"full":false,"thumbnail":false,"medium":false,"medium_large":false,"large":false,"1536x1536":false,"2048x2048":false,"trp-custom-language-flag":false},"uagb_author_info":{"display_name":"cantosdealmaya@gmail.com","author_link":"https:\/\/cantosdealmaya.org\/en\/author\/cantosdealmayagmail-com\/"},"uagb_comment_info":0,"uagb_excerpt":"Talleres Los talleres son espacios de aprendizaje, creatividad e intercambio que mejoran la calidad de vida, fomentan la comunicaci\u00f3n y promueven la participaci\u00f3n social. En ellos, se estimula la convivencia, el respeto a la diversidad y el desarrollo de habilidades sociales y emocionales. Adem\u00e1s, se impulsa la expresi\u00f3n art\u00edstica y la conciencia ambiental. C\u00f3mo hacer&hellip;","_links":{"self":[{"href":"https:\/\/cantosdealmaya.org\/en\/wp-json\/wp\/v2\/pages\/2371","targetHints":{"allow":["GET"]}}],"collection":[{"href":"https:\/\/cantosdealmaya.org\/en\/wp-json\/wp\/v2\/pages"}],"about":[{"href":"https:\/\/cantosdealmaya.org\/en\/wp-json\/wp\/v2\/types\/page"}],"author":[{"embeddable":true,"href":"https:\/\/cantosdealmaya.org\/en\/wp-json\/wp\/v2\/users\/1"}],"replies":[{"embeddable":true,"href":"https:\/\/cantosdealmaya.org\/en\/wp-json\/wp\/v2\/comments?post=2371"}],"version-history":[{"count":0,"href":"https:\/\/cantosdealmaya.org\/en\/wp-json\/wp\/v2\/pages\/2371\/revisions"}],"wp:attachment":[{"href":"https:\/\/cantosdealmaya.org\/en\/wp-json\/wp\/v2\/media?parent=2371"}],"curies":[{"name":"wp","href":"https:\/\/api.w.org\/{rel}","templated":true}]}}