{"id":2370,"date":"2024-12-21T06:26:53","date_gmt":"2024-12-21T06:26:53","guid":{"rendered":"https:\/\/cantosdealmaya.org\/?page_id=2370"},"modified":"2024-12-24T23:54:31","modified_gmt":"2024-12-24T23:54:31","slug":"comunidad","status":"publish","type":"page","link":"https:\/\/cantosdealmaya.org\/en\/comunidad\/","title":{"rendered":"Community"},"content":{"rendered":"<div class=\"wp-block-uagb-container uagb-block-a5c34311 alignfull uagb-is-root-container\"><div class=\"uagb-container-inner-blocks-wrap\">\n<div class=\"wp-block-uagb-advanced-heading uagb-block-56d78999\"><h1 class=\"uagb-heading-text\">Community<\/h1><\/div>\n<\/div><\/div>\n\n\n\n<div style=\"height:52px\" aria-hidden=\"true\" class=\"wp-block-spacer\"><\/div>\n\n\n\n<div class=\"wp-block-uagb-container uagb-block-0cc81cc7 alignfull uagb-is-root-container\"><div class=\"uagb-container-inner-blocks-wrap\">\n<div class=\"wp-block-uagb-advanced-heading uagb-block-9eb8fd26\"><h2 class=\"uagb-heading-text\">The consequences of waste are numerous and severe, ranging from ecosystem degradation to the transmission of diseases. Waste negatively impacts biodiversity, the quality of life of individuals, and the stability of our communities.<br><br>That\u2019s why at Cantos de Almaya, we promote cleanliness and environmental sustainability through projects that create a positive impact on the community.<\/h2><\/div>\n<\/div><\/div>\n\n\n\n<div style=\"height:43px\" aria-hidden=\"true\" class=\"wp-block-spacer\"><\/div>\n\n\n\n<div class=\"wp-block-uagb-container uagb-block-33abb62d alignfull uagb-is-root-container\"><div class=\"uagb-container-inner-blocks-wrap\">\n<div class=\"wp-block-uagb-container uagb-block-c65cee37\">\n<div class=\"wp-block-uagb-advanced-heading uagb-block-4b3b159f\"><h2 class=\"uagb-heading-text\">Waste Collection and Cleanup of Illegal Dumping Sites<\/h2><\/div>\n\n\n\n<p class=\"has-black-color has-text-color has-link-color wp-elements-c0dc862c86a24350dc5a1a640825cd0a\" style=\"font-size:16px\">Collection and cleanup of illegal dumping sites, aimed at eradicating points of illegal waste accumulation in our community.<br><br>This effort includes waste collection and proper disposal of waste, as well as the implementation of preventive measures to avoid future illegal dumping sites.<br><br>We seek to promote the proper use of waste containers and raise environmental awareness, creating a cleaner, healthier, and more sustainable environment for all.<\/p>\n<\/div>\n\n\n\n<div class=\"wp-block-uagb-container uagb-block-487f0f73 alignfull uagb-is-root-container\"><div class=\"uagb-container-inner-blocks-wrap\">\n<div class=\"wp-block-uagb-container uagb-block-dc7b4f1a\"><\/div>\n\n\n\n<div class=\"wp-block-uagb-container uagb-block-8cca3706\"><\/div>\n\n\n\n<div class=\"wp-block-uagb-container uagb-block-38e0c4af\"><\/div>\n\n\n\n<div class=\"wp-block-uagb-container uagb-block-b3e9c1e5\"><\/div>\n<\/div><\/div>\n<\/div><\/div>\n\n\n\n<div style=\"height:56px\" aria-hidden=\"true\" class=\"wp-block-spacer\"><\/div>\n\n\n\n<div class=\"wp-block-uagb-container uagb-block-7f3c3d74 alignfull uagb-is-root-container\"><div class=\"uagb-container-inner-blocks-wrap\">\n<div class=\"wp-block-uagb-container uagb-block-41bca529\">\n<div class=\"wp-block-uagb-advanced-heading uagb-block-87a754ac\"><h2 class=\"uagb-heading-text\">Space Recovery<\/h2><\/div>\n\n\n\n<p class=\"has-black-color has-text-color has-link-color wp-elements-a72d732707abe1c81d2b410ae6c41883\" style=\"font-size:16px\">Transforming areas affected by illegal dumping into clean and functional spaces for the community\u2019s enjoyment.<br><br>Through the cleaning and rehabilitation of these sites, we aim to eliminate the pollution caused by illegal waste accumulation and return these spaces to the community as recreational and leisure areas.<\/p>\n<\/div>\n\n\n\n<div class=\"wp-block-uagb-container uagb-block-84ef2fef alignfull uagb-is-root-container\"><div class=\"uagb-container-inner-blocks-wrap\">\n<div class=\"wp-block-uagb-container uagb-block-480adbeb\"><\/div>\n<\/div><\/div>\n<\/div><\/div>\n\n\n\n<div style=\"height:54px\" aria-hidden=\"true\" class=\"wp-block-spacer\"><\/div>\n\n\n\n<div class=\"wp-block-uagb-container uagb-block-f1d1ca58 alignfull uagb-is-root-container\"><div class=\"uagb-container-inner-blocks-wrap\">\n<div class=\"wp-block-uagb-container uagb-block-d1b9402c\">\n<div class=\"wp-block-uagb-advanced-heading uagb-block-98dd9912\"><h2 class=\"uagb-heading-text\">Installation of Waste Containers<\/h2><\/div>\n\n\n\n<p class=\"has-black-color has-text-color has-link-color wp-elements-bbf2885dd0f398bcf6570566186ad513\" style=\"font-size:16px\">Installing waste containers at strategic locations, facilitating more efficient waste management and contributing to a cleaner and more orderly environment. <br><br>At the same time, an educational campaign is carried out to promote the proper use of containers and waste separation, fostering a culture of environmental responsibility and improving the quality of life in the community.<\/p>\n<\/div>\n\n\n\n<div class=\"wp-block-uagb-container uagb-block-f3389ab3 alignfull uagb-is-root-container\"><div class=\"uagb-container-inner-blocks-wrap\">\n<div class=\"wp-block-uagb-container uagb-block-23457d5e\"><\/div>\n\n\n\n<div class=\"wp-block-uagb-container uagb-block-8a169221\"><\/div>\n\n\n\n<div class=\"wp-block-uagb-container uagb-block-8ad735f8\"><\/div>\n\n\n\n<div class=\"wp-block-uagb-container uagb-block-9f44eba7\"><\/div>\n<\/div><\/div>\n<\/div><\/div>\n\n\n\n<div style=\"height:51px\" aria-hidden=\"true\" class=\"wp-block-spacer\"><\/div>\n\n\n\n<div class=\"wp-block-uagb-container uagb-block-8d259bcd alignfull uagb-is-root-container\"><div class=\"uagb-container-inner-blocks-wrap\">\n<div class=\"wp-block-uagb-container uagb-block-c9b937c5\">\n<div class=\"wp-block-uagb-advanced-heading uagb-block-31c8d4f0\"><h2 class=\"uagb-heading-text\">Reforestation<\/h2><\/div>\n\n\n\n<p class=\"has-black-color has-text-color has-link-color wp-elements-5b9363399cead3d0d71dea202c10ec95\" style=\"font-size:16px\">Reforestation in Cerro Quilotzin, led by Cantos de Almaya Collective and INVUJE, aims to restore local ecosystems through the planting of oak and oyamel trees. These native species are essential for protecting water resources, soil, and regional biodiversity.<br><br>This collective effort highlights the importance of community collaboration in environmental conservation, promoting a sustainable action model for the well-being of future generations.<\/p>\n<\/div>\n\n\n\n<div class=\"wp-block-uagb-container uagb-block-fee63075 alignfull uagb-is-root-container\"><div class=\"uagb-container-inner-blocks-wrap\">\n<div class=\"wp-block-uagb-container uagb-block-a192f216\"><\/div>\n\n\n\n<div class=\"wp-block-uagb-container uagb-block-0cddb28a\"><\/div>\n\n\n\n<div class=\"wp-block-uagb-container uagb-block-3637408a\"><\/div>\n\n\n\n<div class=\"wp-block-uagb-container uagb-block-a02f0dd5\"><\/div>\n<\/div><\/div>\n<\/div><\/div>\n\n\n\n<div style=\"height:59px\" aria-hidden=\"true\" class=\"wp-block-spacer\"><\/div>\n\n\n\n<div class=\"wp-block-uagb-container uagb-block-29201e7a alignfull uagb-is-root-container\"><div class=\"uagb-container-inner-blocks-wrap\">\n<div class=\"wp-block-uagb-container uagb-block-ed63c0a8\">\n<div class=\"wp-block-uagb-advanced-heading uagb-block-8235abe6\"><h2 class=\"uagb-heading-text\">Placement of Signage at Illegal Dumping Sites<br><\/h2><\/div>\n\n\n\n<p class=\"has-black-color has-text-color has-link-color wp-elements-35a203c8341da2a94a00ea19e05fc661\" style=\"font-size:16px\">Placing signs at locations with illegal dumping sites to raise community awareness about the importance of not littering in inappropriate places.<br><br>The signage includes educational messages about the impact of pollution and encourages the proper use of available containers, aiming to eradicate illegal dumping and foster a culture of environmental responsibility.<br><br><\/p>\n<\/div>\n\n\n\n<div class=\"wp-block-uagb-container uagb-block-88ec3270 alignfull uagb-is-root-container\"><div class=\"uagb-container-inner-blocks-wrap\">\n<div class=\"wp-block-uagb-container uagb-block-aea1cbef\"><\/div>\n\n\n\n<div class=\"wp-block-uagb-container uagb-block-ba909522\"><\/div>\n\n\n\n<div class=\"wp-block-uagb-container uagb-block-1de4067f\"><\/div>\n\n\n\n<div class=\"wp-block-uagb-container uagb-block-afd94ecd\"><\/div>\n<\/div><\/div>\n<\/div><\/div>\n\n\n\n<div style=\"height:100px\" aria-hidden=\"true\" class=\"wp-block-spacer\"><\/div>","protected":false},"excerpt":{"rendered":"<p>Comunidad Las consecuencias de la basura son m\u00faltiples y graves, desde la degradaci\u00f3n de los ecosistemas hasta la transmisi\u00f3n de enfermedades, la basura impacta negativamente en la biodiversidad, la calidad de vida de las personas y la estabilidad de nuestras comunidades. Por eso en Cantos de Almaya promovemos la limpieza y la sustentabilidad ambiental con [&hellip;]<\/p>\n","protected":false},"author":1,"featured_media":0,"parent":0,"menu_order":0,"comment_status":"closed","ping_status":"closed","template":"","meta":{"_acf_changed":false,"inline_featured_image":false,"_uag_custom_page_level_css":"","site-sidebar-layout":"no-sidebar","site-content-layout":"plain-container","ast-site-content-layout":"full-width-container","site-content-style":"unboxed","site-sidebar-style":"unboxed","ast-global-header-display":"","ast-banner-title-visibility":"","ast-main-header-display":"","ast-hfb-above-header-display":"","ast-hfb-below-header-display":"","ast-hfb-mobile-header-display":"","site-post-title":"disabled","ast-breadcrumbs-content":"","ast-featured-img":"disabled","footer-sml-layout":"","theme-transparent-header-meta":"enabled","adv-header-id-meta":"","stick-header-meta":"","header-above-stick-meta":"","header-main-stick-meta":"","header-below-stick-meta":"","astra-migrate-meta-layouts":"set","ast-page-background-enabled":"default","ast-page-background-meta":{"desktop":{"background-color":"","background-image":"","background-repeat":"repeat","background-position":"center center","background-size":"auto","background-attachment":"scroll","background-type":"","background-media":"","overlay-type":"","overlay-color":"","overlay-opacity":"","overlay-gradient":""},"tablet":{"background-color":"","background-image":"","background-repeat":"repeat","background-position":"center center","background-size":"auto","background-attachment":"scroll","background-type":"","background-media":"","overlay-type":"","overlay-color":"","overlay-opacity":"","overlay-gradient":""},"mobile":{"background-color":"","background-image":"","background-repeat":"repeat","background-position":"center center","background-size":"auto","background-attachment":"scroll","background-type":"","background-media":"","overlay-type":"","overlay-color":"","overlay-opacity":"","overlay-gradient":""}},"ast-content-background-meta":{"desktop":{"background-color":"var(--ast-global-color-5)","background-image":"","background-repeat":"repeat","background-position":"center center","background-size":"auto","background-attachment":"scroll","background-type":"","background-media":"","overlay-type":"","overlay-color":"","overlay-opacity":"","overlay-gradient":""},"tablet":{"background-color":"var(--ast-global-color-5)","background-image":"","background-repeat":"repeat","background-position":"center center","background-size":"auto","background-attachment":"scroll","background-type":"","background-media":"","overlay-type":"","overlay-color":"","overlay-opacity":"","overlay-gradient":""},"mobile":{"background-color":"var(--ast-global-color-5)","background-image":"","background-repeat":"repeat","background-position":"center center","background-size":"auto","background-attachment":"scroll","background-type":"","background-media":"","overlay-type":"","overlay-color":"","overlay-opacity":"","overlay-gradient":""}},"footnotes":""},"class_list":["post-2370","page","type-page","status-publish","hentry"],"acf":[],"yoast_head":"<!-- This site is optimized with the Yoast SEO plugin v27.0 - https:\/\/yoast.com\/product\/yoast-seo-wordpress\/ -->\n<title>Comunidad - Cantos de Almaya<\/title>\n<meta name=\"description\" content=\"Trabajamos por una comunidad m\u00e1s limpia y sostenible. A trav\u00e9s de la recolecci\u00f3n de basura, recuperaci\u00f3n de espacios y el cuidado del entorno\" \/>\n<meta name=\"robots\" content=\"index, follow, max-snippet:-1, max-image-preview:large, max-video-preview:-1\" \/>\n<link rel=\"canonical\" href=\"https:\/\/cantosdealmaya.org\/en\/comunidad\/\" \/>\n<meta property=\"og:locale\" content=\"en_US\" \/>\n<meta property=\"og:type\" content=\"article\" \/>\n<meta property=\"og:title\" content=\"Comunidad - Cantos de Almaya\" \/>\n<meta property=\"og:description\" content=\"Trabajamos por una comunidad m\u00e1s limpia y sostenible. A trav\u00e9s de la recolecci\u00f3n de basura, recuperaci\u00f3n de espacios y el cuidado del entorno\" \/>\n<meta property=\"og:url\" content=\"https:\/\/cantosdealmaya.org\/en\/comunidad\/\" \/>\n<meta property=\"og:site_name\" content=\"Cantos de Almaya\" \/>\n<meta property=\"article:publisher\" content=\"https:\/\/www.facebook.com\/cantosdealmaya\" \/>\n<meta property=\"article:modified_time\" content=\"2024-12-24T23:54:31+00:00\" \/>\n<meta name=\"twitter:card\" content=\"summary_large_image\" \/>\n<meta name=\"twitter:label1\" content=\"Est. reading time\" \/>\n\t<meta name=\"twitter:data1\" content=\"2 minutes\" \/>\n<script type=\"application\/ld+json\" class=\"yoast-schema-graph\">{\"@context\":\"https:\/\/schema.org\",\"@graph\":[{\"@type\":\"WebPage\",\"@id\":\"https:\/\/cantosdealmaya.org\/comunidad\/\",\"url\":\"https:\/\/cantosdealmaya.org\/comunidad\/\",\"name\":\"Comunidad - Cantos de Almaya\",\"isPartOf\":{\"@id\":\"https:\/\/cantosdealmaya.org\/es_mx\/#website\"},\"datePublished\":\"2024-12-21T06:26:53+00:00\",\"dateModified\":\"2024-12-24T23:54:31+00:00\",\"description\":\"Trabajamos por una comunidad m\u00e1s limpia y sostenible. A trav\u00e9s de la recolecci\u00f3n de basura, recuperaci\u00f3n de espacios y el cuidado del entorno\",\"breadcrumb\":{\"@id\":\"https:\/\/cantosdealmaya.org\/comunidad\/#breadcrumb\"},\"inLanguage\":\"en-US\",\"potentialAction\":[{\"@type\":\"ReadAction\",\"target\":[\"https:\/\/cantosdealmaya.org\/comunidad\/\"]}]},{\"@type\":\"BreadcrumbList\",\"@id\":\"https:\/\/cantosdealmaya.org\/comunidad\/#breadcrumb\",\"itemListElement\":[{\"@type\":\"ListItem\",\"position\":1,\"name\":\"Inicio\",\"item\":\"https:\/\/cantosdealmaya.org\/\"},{\"@type\":\"ListItem\",\"position\":2,\"name\":\"Comunidad\"}]},{\"@type\":\"WebSite\",\"@id\":\"https:\/\/cantosdealmaya.org\/es_mx\/#website\",\"url\":\"https:\/\/cantosdealmaya.org\/es_mx\/\",\"name\":\"Cantos de Almaya\",\"description\":\"Somos una organizaci\u00f3n sin fines de lucro con el sue\u00f1o de transformar nuestro entorno a trav\u00e9s de la creatividad\",\"publisher\":{\"@id\":\"https:\/\/cantosdealmaya.org\/es_mx\/#organization\"},\"potentialAction\":[{\"@type\":\"SearchAction\",\"target\":{\"@type\":\"EntryPoint\",\"urlTemplate\":\"https:\/\/cantosdealmaya.org\/es_mx\/?s={search_term_string}\"},\"query-input\":{\"@type\":\"PropertyValueSpecification\",\"valueRequired\":true,\"valueName\":\"search_term_string\"}}],\"inLanguage\":\"en-US\"},{\"@type\":\"Organization\",\"@id\":\"https:\/\/cantosdealmaya.org\/es_mx\/#organization\",\"name\":\"Cantos de Almaya\",\"url\":\"https:\/\/cantosdealmaya.org\/es_mx\/\",\"logo\":{\"@type\":\"ImageObject\",\"inLanguage\":\"en-US\",\"@id\":\"https:\/\/cantosdealmaya.org\/es_mx\/#\/schema\/logo\/image\/\",\"url\":\"https:\/\/cantosdealmaya.org\/wp-content\/uploads\/2024\/12\/cropped-cantos-logo-1.png\",\"contentUrl\":\"https:\/\/cantosdealmaya.org\/wp-content\/uploads\/2024\/12\/cropped-cantos-logo-1.png\",\"width\":1928,\"height\":643,\"caption\":\"Cantos de Almaya\"},\"image\":{\"@id\":\"https:\/\/cantosdealmaya.org\/es_mx\/#\/schema\/logo\/image\/\"},\"sameAs\":[\"https:\/\/www.facebook.com\/cantosdealmaya\",\"https:\/\/www.youtube.com\/@cantosdealmaya\"]}]}<\/script>\n<!-- \/ Yoast SEO plugin. -->","yoast_head_json":{"title":"Comunidad - Cantos de Almaya","description":"Trabajamos por una comunidad m\u00e1s limpia y sostenible. A trav\u00e9s de la recolecci\u00f3n de basura, recuperaci\u00f3n de espacios y el cuidado del entorno","robots":{"index":"index","follow":"follow","max-snippet":"max-snippet:-1","max-image-preview":"max-image-preview:large","max-video-preview":"max-video-preview:-1"},"canonical":"https:\/\/cantosdealmaya.org\/en\/comunidad\/","og_locale":"en_US","og_type":"article","og_title":"Comunidad - Cantos de Almaya","og_description":"Trabajamos por una comunidad m\u00e1s limpia y sostenible. A trav\u00e9s de la recolecci\u00f3n de basura, recuperaci\u00f3n de espacios y el cuidado del entorno","og_url":"https:\/\/cantosdealmaya.org\/en\/comunidad\/","og_site_name":"Cantos de Almaya","article_publisher":"https:\/\/www.facebook.com\/cantosdealmaya","article_modified_time":"2024-12-24T23:54:31+00:00","twitter_card":"summary_large_image","twitter_misc":{"Est. reading time":"2 minutes"},"schema":{"@context":"https:\/\/schema.org","@graph":[{"@type":"WebPage","@id":"https:\/\/cantosdealmaya.org\/comunidad\/","url":"https:\/\/cantosdealmaya.org\/comunidad\/","name":"Comunidad - Cantos de Almaya","isPartOf":{"@id":"https:\/\/cantosdealmaya.org\/es_mx\/#website"},"datePublished":"2024-12-21T06:26:53+00:00","dateModified":"2024-12-24T23:54:31+00:00","description":"Trabajamos por una comunidad m\u00e1s limpia y sostenible. A trav\u00e9s de la recolecci\u00f3n de basura, recuperaci\u00f3n de espacios y el cuidado del entorno","breadcrumb":{"@id":"https:\/\/cantosdealmaya.org\/comunidad\/#breadcrumb"},"inLanguage":"en-US","potentialAction":[{"@type":"ReadAction","target":["https:\/\/cantosdealmaya.org\/comunidad\/"]}]},{"@type":"BreadcrumbList","@id":"https:\/\/cantosdealmaya.org\/comunidad\/#breadcrumb","itemListElement":[{"@type":"ListItem","position":1,"name":"Inicio","item":"https:\/\/cantosdealmaya.org\/"},{"@type":"ListItem","position":2,"name":"Comunidad"}]},{"@type":"WebSite","@id":"https:\/\/cantosdealmaya.org\/es_mx\/#website","url":"https:\/\/cantosdealmaya.org\/es_mx\/","name":"Cantos de Almaya","description":"Somos una organizaci\u00f3n sin fines de lucro con el sue\u00f1o de transformar nuestro entorno a trav\u00e9s de la creatividad","publisher":{"@id":"https:\/\/cantosdealmaya.org\/es_mx\/#organization"},"potentialAction":[{"@type":"SearchAction","target":{"@type":"EntryPoint","urlTemplate":"https:\/\/cantosdealmaya.org\/es_mx\/?s={search_term_string}"},"query-input":{"@type":"PropertyValueSpecification","valueRequired":true,"valueName":"search_term_string"}}],"inLanguage":"en-US"},{"@type":"Organization","@id":"https:\/\/cantosdealmaya.org\/es_mx\/#organization","name":"Cantos de Almaya","url":"https:\/\/cantosdealmaya.org\/es_mx\/","logo":{"@type":"ImageObject","inLanguage":"en-US","@id":"https:\/\/cantosdealmaya.org\/es_mx\/#\/schema\/logo\/image\/","url":"https:\/\/cantosdealmaya.org\/wp-content\/uploads\/2024\/12\/cropped-cantos-logo-1.png","contentUrl":"https:\/\/cantosdealmaya.org\/wp-content\/uploads\/2024\/12\/cropped-cantos-logo-1.png","width":1928,"height":643,"caption":"Cantos de Almaya"},"image":{"@id":"https:\/\/cantosdealmaya.org\/es_mx\/#\/schema\/logo\/image\/"},"sameAs":["https:\/\/www.facebook.com\/cantosdealmaya","https:\/\/www.youtube.com\/@cantosdealmaya"]}]}},"uagb_featured_image_src":{"full":false,"thumbnail":false,"medium":false,"medium_large":false,"large":false,"1536x1536":false,"2048x2048":false,"trp-custom-language-flag":false},"uagb_author_info":{"display_name":"cantosdealmaya@gmail.com","author_link":"https:\/\/cantosdealmaya.org\/en\/author\/cantosdealmayagmail-com\/"},"uagb_comment_info":0,"uagb_excerpt":"Comunidad Las consecuencias de la basura son m\u00faltiples y graves, desde la degradaci\u00f3n de los ecosistemas hasta la transmisi\u00f3n de enfermedades, la basura impacta negativamente en la biodiversidad, la calidad de vida de las personas y la estabilidad de nuestras comunidades. Por eso en Cantos de Almaya promovemos la limpieza y la sustentabilidad ambiental con&hellip;","_links":{"self":[{"href":"https:\/\/cantosdealmaya.org\/en\/wp-json\/wp\/v2\/pages\/2370","targetHints":{"allow":["GET"]}}],"collection":[{"href":"https:\/\/cantosdealmaya.org\/en\/wp-json\/wp\/v2\/pages"}],"about":[{"href":"https:\/\/cantosdealmaya.org\/en\/wp-json\/wp\/v2\/types\/page"}],"author":[{"embeddable":true,"href":"https:\/\/cantosdealmaya.org\/en\/wp-json\/wp\/v2\/users\/1"}],"replies":[{"embeddable":true,"href":"https:\/\/cantosdealmaya.org\/en\/wp-json\/wp\/v2\/comments?post=2370"}],"version-history":[{"count":0,"href":"https:\/\/cantosdealmaya.org\/en\/wp-json\/wp\/v2\/pages\/2370\/revisions"}],"wp:attachment":[{"href":"https:\/\/cantosdealmaya.org\/en\/wp-json\/wp\/v2\/media?parent=2370"}],"curies":[{"name":"wp","href":"https:\/\/api.w.org\/{rel}","templated":true}]}}