{"id":2368,"date":"2024-12-21T06:27:50","date_gmt":"2024-12-21T06:27:50","guid":{"rendered":"https:\/\/cantosdealmaya.org\/?page_id=2368"},"modified":"2024-12-24T23:59:07","modified_gmt":"2024-12-24T23:59:07","slug":"artes-plasticas","status":"publish","type":"page","link":"https:\/\/cantosdealmaya.org\/en\/artes-plasticas\/","title":{"rendered":"Visual Arts"},"content":{"rendered":"<div class=\"wp-block-uagb-container uagb-block-a5c34311 alignfull uagb-is-root-container\"><div class=\"uagb-container-inner-blocks-wrap\">\n<div class=\"wp-block-uagb-advanced-heading uagb-block-56d78999\"><h1 class=\"uagb-heading-text\">Visual Arts<\/h1><\/div>\n<\/div><\/div>\n\n\n\n<div style=\"height:57px\" aria-hidden=\"true\" class=\"wp-block-spacer\"><\/div>\n\n\n\n<div class=\"wp-block-uagb-container uagb-block-8fe1b177 alignfull uagb-is-root-container\"><div class=\"uagb-container-inner-blocks-wrap\">\n<div class=\"wp-block-uagb-advanced-heading uagb-block-7d28b8df\"><h2 class=\"uagb-heading-text\">Plastic arts have great potential to raise awareness about environmental issues and motivate positive actions.<br><br>Through creativity, art acts as a driving force for change, educating and raising awareness about the importance of protecting the environment.<br><br>Our organization promotes collaborative projects and educational activities to engage communities in sustainable practices and foster a culture of sustainability.<\/h2><\/div>\n<\/div><\/div>\n\n\n\n<div style=\"height:46px\" aria-hidden=\"true\" class=\"wp-block-spacer\"><\/div>\n\n\n\n<div class=\"wp-block-uagb-container uagb-block-31bd20dc alignfull uagb-is-root-container\"><div class=\"uagb-container-inner-blocks-wrap\">\n<div class=\"wp-block-uagb-container uagb-block-1463439c alignfull uagb-is-root-container\"><div class=\"uagb-container-inner-blocks-wrap\">\n<div class=\"wp-block-uagb-advanced-heading uagb-block-f201e3d0\"><h2 class=\"uagb-heading-text\">Paper M\u00e2ch\u00e9 (Cartoner\u00eda)<\/h2><\/div>\n\n\n\n<p class=\"has-black-color has-text-color has-link-color wp-elements-0f45264802aef96684c403d1f02678ad\" style=\"font-size:16px;line-height:1.6\">The Tlanchana, a mythical figure from Mexican tradition, comes to life in this sculpture made with the paper m\u00e2ch\u00e9 technique, a popular art form that shapes three-dimensional figures from paper and cardboard. Representing this mythical creature that inhabits bodies of water, the sculpture captures the essence of the Tlanchana with details that reflect its connection to the aquatic world.<\/p>\n<\/div><\/div>\n\n\n\n<div class=\"wp-block-uagb-container uagb-block-e01bc8cc alignfull uagb-is-root-container\"><div class=\"uagb-container-inner-blocks-wrap\">\n<div class=\"wp-block-uagb-container uagb-block-091f8372\"><\/div>\n\n\n\n<div class=\"wp-block-uagb-container uagb-block-310f7e63\"><\/div>\n\n\n\n<div class=\"wp-block-uagb-container uagb-block-a22206e1\"><\/div>\n<\/div><\/div>\n<\/div><\/div>\n\n\n\n<div style=\"height:47px\" aria-hidden=\"true\" class=\"wp-block-spacer\"><\/div>\n\n\n\n<div class=\"wp-block-uagb-container uagb-block-6d9d54b8 alignfull uagb-is-root-container\"><div class=\"uagb-container-inner-blocks-wrap\">\n<div class=\"wp-block-uagb-container uagb-block-0bd94daf alignfull uagb-is-root-container\"><div class=\"uagb-container-inner-blocks-wrap\">\n<div class=\"wp-block-uagb-advanced-heading uagb-block-d139762a\"><h2 class=\"uagb-heading-text\">Sculpture<\/h2><\/div>\n\n\n\n<p class=\"has-black-color has-text-color has-link-color wp-elements-f3709ee29f22446d748d757846264067 translation-block\" style=\"font-size:16px;line-height:1.6\">The Tlanchana made of metal is not only an artistic representation of the mythical aquatic creature from Mexican tradition but also serves a practical and ecological function. Designed to serve as a waste collection receptacle in a lagoon, the Tlanchana figure transforms into a symbol of environmental commitment and respect for aquatic ecosystems.<\/p>\n<\/div><\/div>\n\n\n\n<div class=\"wp-block-uagb-container uagb-block-7ca80c70 alignfull uagb-is-root-container\"><div class=\"uagb-container-inner-blocks-wrap\">\n<div class=\"wp-block-uagb-container uagb-block-67e0b57b\"><\/div>\n\n\n\n<div class=\"wp-block-uagb-container uagb-block-2e92a04f\"><\/div>\n\n\n\n<div class=\"wp-block-uagb-container uagb-block-3567c68f\"><\/div>\n<\/div><\/div>\n<\/div><\/div>\n\n\n\n<div style=\"height:30px\" aria-hidden=\"true\" class=\"wp-block-spacer\"><\/div>\n\n\n\n<div class=\"wp-block-uagb-container uagb-block-cbb659aa alignfull uagb-is-root-container\"><div class=\"uagb-container-inner-blocks-wrap\">\n<div class=\"wp-block-uagb-container uagb-block-ceee0328 alignfull uagb-is-root-container\"><div class=\"uagb-container-inner-blocks-wrap\">\n<div class=\"wp-block-uagb-advanced-heading uagb-block-e93f1929\"><h2 class=\"uagb-heading-text\">Murals<\/h2><\/div>\n\n\n\n<p class=\"has-black-color has-text-color has-link-color wp-elements-4aafd7c7b3ab66d8ea90a7d9c5853965\" style=\"font-size:16px;line-height:1.6\">The murals created by various artists in our community are a vibrant celebration of tradition, culture, and inclusion. Each piece is a visual testament to our roots, a fusion of historical, mythical, and social elements that tell the rich heritage of our people. These murals not only beautify spaces but also tell stories that connect past generations with the present while opening a dialogue about the future.<br><\/p>\n<\/div><\/div>\n\n\n\n<div class=\"wp-block-uagb-container uagb-block-82df69dd alignfull uagb-is-root-container\"><div class=\"uagb-container-inner-blocks-wrap\">\n<div class=\"wp-block-uagb-container uagb-block-b4f3f7e9\"><\/div>\n\n\n\n<div class=\"wp-block-uagb-container uagb-block-18c66a92\"><\/div>\n\n\n\n<div class=\"wp-block-uagb-container uagb-block-090278a2\"><\/div>\n\n\n\n<div class=\"wp-block-uagb-container uagb-block-5c0ba5cc\"><\/div>\n\n\n\n<div class=\"wp-block-uagb-container uagb-block-61169501\"><\/div>\n\n\n\n<div class=\"wp-block-uagb-container uagb-block-52da4276\"><\/div>\n<\/div><\/div>\n<\/div><\/div>\n\n\n\n<div style=\"height:33px\" aria-hidden=\"true\" class=\"wp-block-spacer\"><\/div>","protected":false},"excerpt":{"rendered":"<p>Artes Plasticas Las artes pl\u00e1sticas tienen un gran potencial para sensibilizar sobre problemas ambientales y motivar acciones positivas. A trav\u00e9s de la creatividad, el arte act\u00faa como un motor de cambio, educando y concienciando sobre la importancia de proteger el medio ambiente. Nuestra organizaci\u00f3n promueve proyectos colaborativos y actividades educativas para involucrar a las comunidades [&hellip;]<\/p>\n","protected":false},"author":1,"featured_media":0,"parent":0,"menu_order":0,"comment_status":"closed","ping_status":"closed","template":"","meta":{"_acf_changed":false,"inline_featured_image":false,"_uag_custom_page_level_css":"","site-sidebar-layout":"no-sidebar","site-content-layout":"plain-container","ast-site-content-layout":"full-width-container","site-content-style":"unboxed","site-sidebar-style":"unboxed","ast-global-header-display":"","ast-banner-title-visibility":"","ast-main-header-display":"","ast-hfb-above-header-display":"","ast-hfb-below-header-display":"","ast-hfb-mobile-header-display":"","site-post-title":"disabled","ast-breadcrumbs-content":"","ast-featured-img":"disabled","footer-sml-layout":"","theme-transparent-header-meta":"enabled","adv-header-id-meta":"","stick-header-meta":"","header-above-stick-meta":"","header-main-stick-meta":"","header-below-stick-meta":"","astra-migrate-meta-layouts":"set","ast-page-background-enabled":"default","ast-page-background-meta":{"desktop":{"background-color":"","background-image":"","background-repeat":"repeat","background-position":"center center","background-size":"auto","background-attachment":"scroll","background-type":"","background-media":"","overlay-type":"","overlay-color":"","overlay-opacity":"","overlay-gradient":""},"tablet":{"background-color":"","background-image":"","background-repeat":"repeat","background-position":"center center","background-size":"auto","background-attachment":"scroll","background-type":"","background-media":"","overlay-type":"","overlay-color":"","overlay-opacity":"","overlay-gradient":""},"mobile":{"background-color":"","background-image":"","background-repeat":"repeat","background-position":"center center","background-size":"auto","background-attachment":"scroll","background-type":"","background-media":"","overlay-type":"","overlay-color":"","overlay-opacity":"","overlay-gradient":""}},"ast-content-background-meta":{"desktop":{"background-color":"var(--ast-global-color-5)","background-image":"","background-repeat":"repeat","background-position":"center center","background-size":"auto","background-attachment":"scroll","background-type":"","background-media":"","overlay-type":"","overlay-color":"","overlay-opacity":"","overlay-gradient":""},"tablet":{"background-color":"var(--ast-global-color-5)","background-image":"","background-repeat":"repeat","background-position":"center center","background-size":"auto","background-attachment":"scroll","background-type":"","background-media":"","overlay-type":"","overlay-color":"","overlay-opacity":"","overlay-gradient":""},"mobile":{"background-color":"var(--ast-global-color-5)","background-image":"","background-repeat":"repeat","background-position":"center center","background-size":"auto","background-attachment":"scroll","background-type":"","background-media":"","overlay-type":"","overlay-color":"","overlay-opacity":"","overlay-gradient":""}},"footnotes":""},"class_list":["post-2368","page","type-page","status-publish","hentry"],"acf":[],"yoast_head":"<!-- This site is optimized with the Yoast SEO plugin v27.0 - https:\/\/yoast.com\/product\/yoast-seo-wordpress\/ -->\n<title>Artes Plasticas - Cantos de Almaya<\/title>\n<meta name=\"description\" content=\"Descubre las artes pl\u00e1stica que sensibilizan sobre el medio ambiente y promueven la sostenibilidad. Un espacio para la creatividad\" \/>\n<meta name=\"robots\" content=\"index, follow, max-snippet:-1, max-image-preview:large, max-video-preview:-1\" \/>\n<link rel=\"canonical\" href=\"https:\/\/cantosdealmaya.org\/en\/artes-plasticas\/\" \/>\n<meta property=\"og:locale\" content=\"en_US\" \/>\n<meta property=\"og:type\" content=\"article\" \/>\n<meta property=\"og:title\" content=\"Artes Plasticas - Cantos de Almaya\" \/>\n<meta property=\"og:description\" content=\"Descubre las artes pl\u00e1stica que sensibilizan sobre el medio ambiente y promueven la sostenibilidad. Un espacio para la creatividad\" \/>\n<meta property=\"og:url\" content=\"https:\/\/cantosdealmaya.org\/en\/artes-plasticas\/\" \/>\n<meta property=\"og:site_name\" content=\"Cantos de Almaya\" \/>\n<meta property=\"article:publisher\" content=\"https:\/\/www.facebook.com\/cantosdealmaya\" \/>\n<meta property=\"article:modified_time\" content=\"2024-12-24T23:59:07+00:00\" \/>\n<meta name=\"twitter:card\" content=\"summary_large_image\" \/>\n<meta name=\"twitter:label1\" content=\"Est. reading time\" \/>\n\t<meta name=\"twitter:data1\" content=\"2 minutes\" \/>\n<script type=\"application\/ld+json\" class=\"yoast-schema-graph\">{\"@context\":\"https:\/\/schema.org\",\"@graph\":[{\"@type\":\"WebPage\",\"@id\":\"https:\/\/cantosdealmaya.org\/artes-plasticas\/\",\"url\":\"https:\/\/cantosdealmaya.org\/artes-plasticas\/\",\"name\":\"Artes Plasticas - Cantos de Almaya\",\"isPartOf\":{\"@id\":\"https:\/\/cantosdealmaya.org\/es_mx\/#website\"},\"datePublished\":\"2024-12-21T06:27:50+00:00\",\"dateModified\":\"2024-12-24T23:59:07+00:00\",\"description\":\"Descubre las artes pl\u00e1stica que sensibilizan sobre el medio ambiente y promueven la sostenibilidad. Un espacio para la creatividad\",\"breadcrumb\":{\"@id\":\"https:\/\/cantosdealmaya.org\/artes-plasticas\/#breadcrumb\"},\"inLanguage\":\"en-US\",\"potentialAction\":[{\"@type\":\"ReadAction\",\"target\":[\"https:\/\/cantosdealmaya.org\/artes-plasticas\/\"]}]},{\"@type\":\"BreadcrumbList\",\"@id\":\"https:\/\/cantosdealmaya.org\/artes-plasticas\/#breadcrumb\",\"itemListElement\":[{\"@type\":\"ListItem\",\"position\":1,\"name\":\"Inicio\",\"item\":\"https:\/\/cantosdealmaya.org\/\"},{\"@type\":\"ListItem\",\"position\":2,\"name\":\"Artes Plasticas\"}]},{\"@type\":\"WebSite\",\"@id\":\"https:\/\/cantosdealmaya.org\/es_mx\/#website\",\"url\":\"https:\/\/cantosdealmaya.org\/es_mx\/\",\"name\":\"Cantos de Almaya\",\"description\":\"Somos una organizaci\u00f3n sin fines de lucro con el sue\u00f1o de transformar nuestro entorno a trav\u00e9s de la creatividad\",\"publisher\":{\"@id\":\"https:\/\/cantosdealmaya.org\/es_mx\/#organization\"},\"potentialAction\":[{\"@type\":\"SearchAction\",\"target\":{\"@type\":\"EntryPoint\",\"urlTemplate\":\"https:\/\/cantosdealmaya.org\/es_mx\/?s={search_term_string}\"},\"query-input\":{\"@type\":\"PropertyValueSpecification\",\"valueRequired\":true,\"valueName\":\"search_term_string\"}}],\"inLanguage\":\"en-US\"},{\"@type\":\"Organization\",\"@id\":\"https:\/\/cantosdealmaya.org\/es_mx\/#organization\",\"name\":\"Cantos de Almaya\",\"url\":\"https:\/\/cantosdealmaya.org\/es_mx\/\",\"logo\":{\"@type\":\"ImageObject\",\"inLanguage\":\"en-US\",\"@id\":\"https:\/\/cantosdealmaya.org\/es_mx\/#\/schema\/logo\/image\/\",\"url\":\"https:\/\/cantosdealmaya.org\/wp-content\/uploads\/2024\/12\/cropped-cantos-logo-1.png\",\"contentUrl\":\"https:\/\/cantosdealmaya.org\/wp-content\/uploads\/2024\/12\/cropped-cantos-logo-1.png\",\"width\":1928,\"height\":643,\"caption\":\"Cantos de Almaya\"},\"image\":{\"@id\":\"https:\/\/cantosdealmaya.org\/es_mx\/#\/schema\/logo\/image\/\"},\"sameAs\":[\"https:\/\/www.facebook.com\/cantosdealmaya\",\"https:\/\/www.youtube.com\/@cantosdealmaya\"]}]}<\/script>\n<!-- \/ Yoast SEO plugin. -->","yoast_head_json":{"title":"Artes Plasticas - Cantos de Almaya","description":"Descubre las artes pl\u00e1stica que sensibilizan sobre el medio ambiente y promueven la sostenibilidad. Un espacio para la creatividad","robots":{"index":"index","follow":"follow","max-snippet":"max-snippet:-1","max-image-preview":"max-image-preview:large","max-video-preview":"max-video-preview:-1"},"canonical":"https:\/\/cantosdealmaya.org\/en\/artes-plasticas\/","og_locale":"en_US","og_type":"article","og_title":"Artes Plasticas - Cantos de Almaya","og_description":"Descubre las artes pl\u00e1stica que sensibilizan sobre el medio ambiente y promueven la sostenibilidad. Un espacio para la creatividad","og_url":"https:\/\/cantosdealmaya.org\/en\/artes-plasticas\/","og_site_name":"Cantos de Almaya","article_publisher":"https:\/\/www.facebook.com\/cantosdealmaya","article_modified_time":"2024-12-24T23:59:07+00:00","twitter_card":"summary_large_image","twitter_misc":{"Est. reading time":"2 minutes"},"schema":{"@context":"https:\/\/schema.org","@graph":[{"@type":"WebPage","@id":"https:\/\/cantosdealmaya.org\/artes-plasticas\/","url":"https:\/\/cantosdealmaya.org\/artes-plasticas\/","name":"Artes Plasticas - Cantos de Almaya","isPartOf":{"@id":"https:\/\/cantosdealmaya.org\/es_mx\/#website"},"datePublished":"2024-12-21T06:27:50+00:00","dateModified":"2024-12-24T23:59:07+00:00","description":"Descubre las artes pl\u00e1stica que sensibilizan sobre el medio ambiente y promueven la sostenibilidad. Un espacio para la creatividad","breadcrumb":{"@id":"https:\/\/cantosdealmaya.org\/artes-plasticas\/#breadcrumb"},"inLanguage":"en-US","potentialAction":[{"@type":"ReadAction","target":["https:\/\/cantosdealmaya.org\/artes-plasticas\/"]}]},{"@type":"BreadcrumbList","@id":"https:\/\/cantosdealmaya.org\/artes-plasticas\/#breadcrumb","itemListElement":[{"@type":"ListItem","position":1,"name":"Inicio","item":"https:\/\/cantosdealmaya.org\/"},{"@type":"ListItem","position":2,"name":"Artes Plasticas"}]},{"@type":"WebSite","@id":"https:\/\/cantosdealmaya.org\/es_mx\/#website","url":"https:\/\/cantosdealmaya.org\/es_mx\/","name":"Cantos de Almaya","description":"Somos una organizaci\u00f3n sin fines de lucro con el sue\u00f1o de transformar nuestro entorno a trav\u00e9s de la creatividad","publisher":{"@id":"https:\/\/cantosdealmaya.org\/es_mx\/#organization"},"potentialAction":[{"@type":"SearchAction","target":{"@type":"EntryPoint","urlTemplate":"https:\/\/cantosdealmaya.org\/es_mx\/?s={search_term_string}"},"query-input":{"@type":"PropertyValueSpecification","valueRequired":true,"valueName":"search_term_string"}}],"inLanguage":"en-US"},{"@type":"Organization","@id":"https:\/\/cantosdealmaya.org\/es_mx\/#organization","name":"Cantos de Almaya","url":"https:\/\/cantosdealmaya.org\/es_mx\/","logo":{"@type":"ImageObject","inLanguage":"en-US","@id":"https:\/\/cantosdealmaya.org\/es_mx\/#\/schema\/logo\/image\/","url":"https:\/\/cantosdealmaya.org\/wp-content\/uploads\/2024\/12\/cropped-cantos-logo-1.png","contentUrl":"https:\/\/cantosdealmaya.org\/wp-content\/uploads\/2024\/12\/cropped-cantos-logo-1.png","width":1928,"height":643,"caption":"Cantos de Almaya"},"image":{"@id":"https:\/\/cantosdealmaya.org\/es_mx\/#\/schema\/logo\/image\/"},"sameAs":["https:\/\/www.facebook.com\/cantosdealmaya","https:\/\/www.youtube.com\/@cantosdealmaya"]}]}},"uagb_featured_image_src":{"full":false,"thumbnail":false,"medium":false,"medium_large":false,"large":false,"1536x1536":false,"2048x2048":false,"trp-custom-language-flag":false},"uagb_author_info":{"display_name":"cantosdealmaya@gmail.com","author_link":"https:\/\/cantosdealmaya.org\/en\/author\/cantosdealmayagmail-com\/"},"uagb_comment_info":0,"uagb_excerpt":"Artes Plasticas Las artes pl\u00e1sticas tienen un gran potencial para sensibilizar sobre problemas ambientales y motivar acciones positivas. A trav\u00e9s de la creatividad, el arte act\u00faa como un motor de cambio, educando y concienciando sobre la importancia de proteger el medio ambiente. Nuestra organizaci\u00f3n promueve proyectos colaborativos y actividades educativas para involucrar a las comunidades&hellip;","_links":{"self":[{"href":"https:\/\/cantosdealmaya.org\/en\/wp-json\/wp\/v2\/pages\/2368","targetHints":{"allow":["GET"]}}],"collection":[{"href":"https:\/\/cantosdealmaya.org\/en\/wp-json\/wp\/v2\/pages"}],"about":[{"href":"https:\/\/cantosdealmaya.org\/en\/wp-json\/wp\/v2\/types\/page"}],"author":[{"embeddable":true,"href":"https:\/\/cantosdealmaya.org\/en\/wp-json\/wp\/v2\/users\/1"}],"replies":[{"embeddable":true,"href":"https:\/\/cantosdealmaya.org\/en\/wp-json\/wp\/v2\/comments?post=2368"}],"version-history":[{"count":0,"href":"https:\/\/cantosdealmaya.org\/en\/wp-json\/wp\/v2\/pages\/2368\/revisions"}],"wp:attachment":[{"href":"https:\/\/cantosdealmaya.org\/en\/wp-json\/wp\/v2\/media?parent=2368"}],"curies":[{"name":"wp","href":"https:\/\/api.w.org\/{rel}","templated":true}]}}